{"id":40,"date":"2023-09-18T14:02:33","date_gmt":"2023-09-18T12:02:33","guid":{"rendered":"https:\/\/ierrop.shop\/index.php\/about-us\/"},"modified":"2025-01-04T19:10:40","modified_gmt":"2025-01-04T18:10:40","slug":"contact","status":"publish","type":"page","link":"https:\/\/ierrop.shop\/index.php\/contact\/","title":{"rendered":"CONTACT"},"content":{"rendered":"\n<hr class=\"wp-block-separator has-alpha-channel-opacity\"\/>\n\n\n\n<div class=\"wp-block-columns are-vertically-aligned-center is-layout-flex wp-container-core-columns-is-layout-1 wp-block-columns-is-layout-flex\">\n<div class=\"wp-block-column is-vertically-aligned-center is-layout-flow wp-block-column-is-layout-flow\"><\/div>\n\n\n\n<div class=\"wp-block-column is-layout-flow wp-block-column-is-layout-flow\"><div class=\"wp-block-jetpack-contact-form\"><a href=\"https:\/\/ierrop.shop\/index.php\/contact\/\" target=\"_blank\" rel=\"noopener noreferrer\">Submit a form.<\/a><\/div><\/div>\n\n\n\n<div class=\"wp-block-column is-layout-flow wp-block-column-is-layout-flow\">\n<p class=\"has-text-align-center\">L&#8217;objectif de <strong>ierrop.shop<\/strong> est de combiner le partage de la <strong>cr\u00e9ativit\u00e9 <\/strong>avec des <strong>mat\u00e9riaux premium<\/strong> tout en visant un <strong>budget abordable<\/strong>, permettant de garantir le meilleur rapport qualit\u00e9-prix.<\/p>\n\n\n\n<p class=\"has-text-align-center\">Tout le monde devrait avoir acc\u00e8s \u00e0 une d\u00e9coration int\u00e9rieure de <strong>qualit\u00e9 <\/strong>sans pour autant casser son portefeuille. Maintenant, vous pouvez d\u00e9corer vos pi\u00e8ces en supportant la <strong>cr\u00e9ation ind\u00e9pendante<\/strong> et ce, sans compromettre votre budget.<\/p>\n<\/div>\n<\/div>\n","protected":false},"excerpt":{"rendered":"<p>L&#8217;objectif de ierrop.shop est de combiner le partage de la cr\u00e9ativit\u00e9 avec des mat\u00e9riaux premium tout en visant un budget abordable, permettant de garantir le meilleur rapport qualit\u00e9-prix. Tout le [&hellip;]<\/p>\n","protected":false},"author":1,"featured_media":0,"parent":0,"menu_order":0,"comment_status":"closed","ping_status":"closed","template":"","meta":{"footnotes":""},"class_list":["post-40","page","type-page","status-publish","hentry"],"jetpack_sharing_enabled":true,"_links":{"self":[{"href":"https:\/\/ierrop.shop\/index.php\/wp-json\/wp\/v2\/pages\/40","targetHints":{"allow":["GET"]}}],"collection":[{"href":"https:\/\/ierrop.shop\/index.php\/wp-json\/wp\/v2\/pages"}],"about":[{"href":"https:\/\/ierrop.shop\/index.php\/wp-json\/wp\/v2\/types\/page"}],"author":[{"embeddable":true,"href":"https:\/\/ierrop.shop\/index.php\/wp-json\/wp\/v2\/users\/1"}],"replies":[{"embeddable":true,"href":"https:\/\/ierrop.shop\/index.php\/wp-json\/wp\/v2\/comments?post=40"}],"version-history":[{"count":27,"href":"https:\/\/ierrop.shop\/index.php\/wp-json\/wp\/v2\/pages\/40\/revisions"}],"predecessor-version":[{"id":862,"href":"https:\/\/ierrop.shop\/index.php\/wp-json\/wp\/v2\/pages\/40\/revisions\/862"}],"wp:attachment":[{"href":"https:\/\/ierrop.shop\/index.php\/wp-json\/wp\/v2\/media?parent=40"}],"curies":[{"name":"wp","href":"https:\/\/api.w.org\/{rel}","templated":true}]}}