{"id":1180,"date":"2025-04-09T14:35:55","date_gmt":"2025-04-09T12:35:55","guid":{"rendered":"https:\/\/ierrop.shop\/index.php\/produit\/stickers-logo\/"},"modified":"2025-04-09T14:36:27","modified_gmt":"2025-04-09T12:36:27","slug":"stickers-logo","status":"publish","type":"product","link":"https:\/\/ierrop.shop\/index.php\/produit\/stickers-logo\/","title":{"rendered":"Stickers logo"},"content":{"rendered":"<p>Ces autocollants sont imprim\u00e9s sur un vinyle adh\u00e9sif durable et \u00e0 haute opacit\u00e9, ils sont donc parfaits pour une utilisation r\u00e9guli\u00e8re ainsi que pour couvrir d&#8217;autres autocollants ou de la peinture. Le vinyle de haute qualit\u00e9 garantit l&#8217;absence de bulles lorsque vous appliquez les autocollants.<\/p>\n<p>\u2022  Film \u00e0 haute opacit\u00e9, impossible de voir \u00e0 travers<br \/>\n\u2022  Application rapide et facile sans bulles<br \/>\n\u2022  Vinyle durable<br \/>\n\u2022  Densit\u00e9 de 95\u00a0\u00b5<\/p>\n<p>N&#8217;oubliez pas de nettoyer la surface avant d&#8217;appliquer l&#8217;autocollant.<\/p>\n<p>Age restrictions: Pour les adultes<br \/>\nEU Warranty: 2\u00a0ans<\/p>\n<p>En conformit\u00e9 avec le R\u00e8glement pour la S\u00e9curit\u00e9 G\u00e9n\u00e9rale des Produits (RSGP), <b>Oak inc.<\/b> garantit que tous les produits de consommation propos\u00e9s sont s\u00fbrs et conformes aux normes de l&#8217;UE. Pour toute question ou pr\u00e9occupation li\u00e9e \u00e0 la s\u00e9curit\u00e9 des produits, veuillez nous contacter \u00e0 <b>alex.oak@company.com<\/b> ou nous \u00e9crire \u00e0 <b>123 Main Street, Anytown, Country.<b \/><\/p>\n","protected":false},"excerpt":{"rendered":"<p>Ces autocollants sont imprim\u00e9s sur un vinyle adh\u00e9sif durable et \u00e0 haute opacit\u00e9, ils sont donc parfaits pour une utilisation r\u00e9guli\u00e8re ainsi que pour couvrir d&#8217;autres autocollants ou de la [&hellip;]<\/p>\n","protected":false},"featured_media":1181,"comment_status":"open","ping_status":"closed","template":"","meta":[],"product_brand":[],"product_cat":[17],"product_tag":[],"class_list":{"0":"post-1180","1":"product","2":"type-product","3":"status-publish","4":"has-post-thumbnail","6":"product_cat-non-classe","8":"first","9":"instock","10":"taxable","11":"shipping-taxable","12":"purchasable","13":"product-type-simple"},"jetpack_sharing_enabled":true,"_links":{"self":[{"href":"https:\/\/ierrop.shop\/index.php\/wp-json\/wp\/v2\/product\/1180","targetHints":{"allow":["GET"]}}],"collection":[{"href":"https:\/\/ierrop.shop\/index.php\/wp-json\/wp\/v2\/product"}],"about":[{"href":"https:\/\/ierrop.shop\/index.php\/wp-json\/wp\/v2\/types\/product"}],"replies":[{"embeddable":true,"href":"https:\/\/ierrop.shop\/index.php\/wp-json\/wp\/v2\/comments?post=1180"}],"wp:featuredmedia":[{"embeddable":true,"href":"https:\/\/ierrop.shop\/index.php\/wp-json\/wp\/v2\/media\/1181"}],"wp:attachment":[{"href":"https:\/\/ierrop.shop\/index.php\/wp-json\/wp\/v2\/media?parent=1180"}],"wp:term":[{"taxonomy":"product_brand","embeddable":true,"href":"https:\/\/ierrop.shop\/index.php\/wp-json\/wp\/v2\/product_brand?post=1180"},{"taxonomy":"product_cat","embeddable":true,"href":"https:\/\/ierrop.shop\/index.php\/wp-json\/wp\/v2\/product_cat?post=1180"},{"taxonomy":"product_tag","embeddable":true,"href":"https:\/\/ierrop.shop\/index.php\/wp-json\/wp\/v2\/product_tag?post=1180"}],"curies":[{"name":"wp","href":"https:\/\/api.w.org\/{rel}","templated":true}]}}