{"id":1315,"date":"2025-06-23T20:18:40","date_gmt":"2025-06-23T18:18:40","guid":{"rendered":"https:\/\/ierrop.shop\/index.php\/produit\/casquette-ierrop-shop-en-velours-cotele\/"},"modified":"2025-12-02T19:10:57","modified_gmt":"2025-12-02T18:10:57","slug":"casquette-ierrop-shop-en-velours-cotele","status":"publish","type":"product","link":"https:\/\/ierrop.shop\/index.php\/produit\/casquette-ierrop-shop-en-velours-cotele\/","title":{"rendered":"Casquette ierrop.shop en velours c\u00f4tel\u00e9"},"content":{"rendered":"<p>Casquette taille unique brod\u00e9e<\/p>\n<p>\u2022 100\u00a0% coton velours c\u00f4tel\u00e9<br \/>\n\u2022 Couronne souple et non structur\u00e9e<br \/>\n\u2022 Bandeau et ruban en serg\u00e9 de coton<br \/>\n\u2022 Boucle r\u00e9glable<br \/>\n\u2022 Produit vierge provenant de Chine<\/p>\n<p>Age restrictions: Pour les adultes<br \/>\nEU Warranty: 2\u00a0ans<\/p>\n<p>En conformit\u00e9 avec le R\u00e8glement pour la S\u00e9curit\u00e9 G\u00e9n\u00e9rale des Produits (RSGP), <b>Beechfield<\/b> garantit que tous les produits de consommation propos\u00e9s sont s\u00fbrs et conformes aux normes de l&#8217;UE. Pour toute question ou pr\u00e9occupation li\u00e9e \u00e0 la s\u00e9curit\u00e9 des produits, veuillez nous contacter \u00e0 <b>beechfield@contact.com<\/b> ou nous \u00e9crire \u00e0 <b>POSTHOORNSTRAAT 17, 99135 PAYS-BAS.<b><\/b><\/b><\/p>\n","protected":false},"excerpt":{"rendered":"<p>Casquette taille unique brod\u00e9e \u2022 100\u00a0% coton velours c\u00f4tel\u00e9 \u2022 Couronne souple et non structur\u00e9e \u2022 Bandeau et ruban en serg\u00e9 de coton \u2022 Boucle r\u00e9glable \u2022 Produit vierge provenant [&hellip;]<\/p>\n","protected":false},"featured_media":1317,"comment_status":"open","ping_status":"closed","template":"","meta":[],"product_brand":[],"product_cat":[17],"product_tag":[],"class_list":{"0":"post-1315","1":"product","2":"type-product","3":"status-publish","4":"has-post-thumbnail","6":"product_cat-non-classe","8":"first","9":"instock","10":"taxable","11":"shipping-taxable","12":"purchasable","13":"product-type-simple"},"jetpack_sharing_enabled":true,"_links":{"self":[{"href":"https:\/\/ierrop.shop\/index.php\/wp-json\/wp\/v2\/product\/1315","targetHints":{"allow":["GET"]}}],"collection":[{"href":"https:\/\/ierrop.shop\/index.php\/wp-json\/wp\/v2\/product"}],"about":[{"href":"https:\/\/ierrop.shop\/index.php\/wp-json\/wp\/v2\/types\/product"}],"replies":[{"embeddable":true,"href":"https:\/\/ierrop.shop\/index.php\/wp-json\/wp\/v2\/comments?post=1315"}],"wp:featuredmedia":[{"embeddable":true,"href":"https:\/\/ierrop.shop\/index.php\/wp-json\/wp\/v2\/media\/1317"}],"wp:attachment":[{"href":"https:\/\/ierrop.shop\/index.php\/wp-json\/wp\/v2\/media?parent=1315"}],"wp:term":[{"taxonomy":"product_brand","embeddable":true,"href":"https:\/\/ierrop.shop\/index.php\/wp-json\/wp\/v2\/product_brand?post=1315"},{"taxonomy":"product_cat","embeddable":true,"href":"https:\/\/ierrop.shop\/index.php\/wp-json\/wp\/v2\/product_cat?post=1315"},{"taxonomy":"product_tag","embeddable":true,"href":"https:\/\/ierrop.shop\/index.php\/wp-json\/wp\/v2\/product_tag?post=1315"}],"curies":[{"name":"wp","href":"https:\/\/api.w.org\/{rel}","templated":true}]}}