{"id":451,"date":"2024-01-25T23:19:27","date_gmt":"2024-01-25T22:19:27","guid":{"rendered":"https:\/\/ierrop.shop\/index.php\/produit\/poster-2\/"},"modified":"2025-10-03T20:21:54","modified_gmt":"2025-10-03T18:21:54","slug":"poster-2","status":"publish","type":"product","link":"https:\/\/ierrop.shop\/index.php\/produit\/poster-2\/","title":{"rendered":"Snooker night"},"content":{"rendered":"<p>Une affiche de qualit\u00e9 mus\u00e9e disponible en :<br \/>\n&#8211; 30x40cm<\/p>\n<p>D\u00e9tails du produit :<br \/>\n\u2022 \u00c9paisseur du papier\u00a0: 10,3 mil<br \/>\n\u2022 Poids du papier\u00a0: 189\u00a0g\/m\u00b2<br \/>\n\u2022 Opacit\u00e9\u00a0: 94\u00a0%<br \/>\n\u2022 Papier provenant du Japon<\/p>\n<ul>\n<li>Coordonn\u00e9es du fabricant\n<ul>\n<li>Nom: Printful<\/li>\n<li>Adresse e-mail: support@printful.com<\/li>\n<li>Adresse postale: Raina bulvaris 25, Riga, Latvia, LV-1050<\/li>\n<\/ul>\n<\/li>\n<li>Restrictions li\u00e9es \u00e0 l&#8217;\u00e2ge: Pour les adultes<\/li>\n<li>Garantie de l&#8217;Union Europ\u00e9enne: 2\u00a0ans<\/li>\n<li>Autres informations relatives \u00e0 la conformit\u00e9: R\u00e9pond aux exigences relatives aux petites pi\u00e8ces et \u00e0 l\u2019indice de flux magn\u00e9tique.<\/li>\n<\/ul>\n","protected":false},"excerpt":{"rendered":"<p>Une affiche de qualit\u00e9 mus\u00e9e disponible en : &#8211; 30x40cm D\u00e9tails du produit : \u2022 \u00c9paisseur du papier\u00a0: 10,3 mil \u2022 Poids du papier\u00a0: 189\u00a0g\/m\u00b2 \u2022 Opacit\u00e9\u00a0: 94\u00a0% \u2022 Papier [&hellip;]<\/p>\n","protected":false},"featured_media":454,"comment_status":"open","ping_status":"closed","template":"","meta":[],"product_brand":[],"product_cat":[17],"product_tag":[],"class_list":{"0":"post-451","1":"product","2":"type-product","3":"status-publish","4":"has-post-thumbnail","6":"product_cat-non-classe","8":"first","9":"instock","10":"taxable","11":"shipping-taxable","12":"purchasable","13":"product-type-simple"},"jetpack_sharing_enabled":true,"_links":{"self":[{"href":"https:\/\/ierrop.shop\/index.php\/wp-json\/wp\/v2\/product\/451","targetHints":{"allow":["GET"]}}],"collection":[{"href":"https:\/\/ierrop.shop\/index.php\/wp-json\/wp\/v2\/product"}],"about":[{"href":"https:\/\/ierrop.shop\/index.php\/wp-json\/wp\/v2\/types\/product"}],"replies":[{"embeddable":true,"href":"https:\/\/ierrop.shop\/index.php\/wp-json\/wp\/v2\/comments?post=451"}],"wp:featuredmedia":[{"embeddable":true,"href":"https:\/\/ierrop.shop\/index.php\/wp-json\/wp\/v2\/media\/454"}],"wp:attachment":[{"href":"https:\/\/ierrop.shop\/index.php\/wp-json\/wp\/v2\/media?parent=451"}],"wp:term":[{"taxonomy":"product_brand","embeddable":true,"href":"https:\/\/ierrop.shop\/index.php\/wp-json\/wp\/v2\/product_brand?post=451"},{"taxonomy":"product_cat","embeddable":true,"href":"https:\/\/ierrop.shop\/index.php\/wp-json\/wp\/v2\/product_cat?post=451"},{"taxonomy":"product_tag","embeddable":true,"href":"https:\/\/ierrop.shop\/index.php\/wp-json\/wp\/v2\/product_tag?post=451"}],"curies":[{"name":"wp","href":"https:\/\/api.w.org\/{rel}","templated":true}]}}