{"id":801,"date":"2024-10-31T00:23:41","date_gmt":"2024-10-30T23:23:41","guid":{"rendered":"https:\/\/ierrop.shop\/index.php\/produit\/fais-moi-un-bisou\/"},"modified":"2025-10-19T18:52:12","modified_gmt":"2025-10-19T16:52:12","slug":"fais-moi-un-bisou","status":"publish","type":"product","link":"https:\/\/ierrop.shop\/index.php\/produit\/fais-moi-un-bisou\/","title":{"rendered":"Fais moi un bisou !"},"content":{"rendered":"<p>Des affiches de qualit\u00e9 mus\u00e9e.<\/p>\n<p>\u2022 \u00c9paisseur du papier : 10,3 mil<br \/>\n\u2022 Poids du papier : 189 g\/m\u00b2<br \/>\n\u2022 Opacit\u00e9 : 94 %<br \/>\n\u2022 Taille : 30cm x 40cm<br \/>\n\u2022 Papier provenant du Japon<\/p>\n<ul>\n<li>Coordonn\u00e9es du fabricant<\/li>\n<li style=\"list-style-type: none;\">\n<ul>\n<li>Nom: Printful<\/li>\n<li>Adresse e-mail: support@printful.com<\/li>\n<li>Adresse postale: Raina bulvaris 25, Riga, Latvia, LV-1050<\/li>\n<\/ul>\n<\/li>\n<li>Restrictions li\u00e9es \u00e0 l&#8217;\u00e2ge: Pour les adultes<\/li>\n<li>Garantie de l&#8217;Union Europ\u00e9enne: 2\u00a0ans<\/li>\n<li>Autres informations relatives \u00e0 la conformit\u00e9: R\u00e9pond aux exigences relatives aux petites pi\u00e8ces et \u00e0 l\u2019indice de flux magn\u00e9tique.<\/li>\n<\/ul>\n","protected":false},"excerpt":{"rendered":"<p>Des affiches de qualit\u00e9 mus\u00e9e. \u2022 \u00c9paisseur du papier : 10,3 mil \u2022 Poids du papier : 189 g\/m\u00b2 \u2022 Opacit\u00e9 : 94 % \u2022 Taille : 30cm x 40cm [&hellip;]<\/p>\n","protected":false},"featured_media":1448,"comment_status":"open","ping_status":"closed","template":"","meta":[],"product_brand":[],"product_cat":[17],"product_tag":[],"class_list":{"0":"post-801","1":"product","2":"type-product","3":"status-publish","4":"has-post-thumbnail","6":"product_cat-non-classe","8":"first","9":"instock","10":"taxable","11":"shipping-taxable","12":"purchasable","13":"product-type-simple"},"jetpack_sharing_enabled":true,"_links":{"self":[{"href":"https:\/\/ierrop.shop\/index.php\/wp-json\/wp\/v2\/product\/801","targetHints":{"allow":["GET"]}}],"collection":[{"href":"https:\/\/ierrop.shop\/index.php\/wp-json\/wp\/v2\/product"}],"about":[{"href":"https:\/\/ierrop.shop\/index.php\/wp-json\/wp\/v2\/types\/product"}],"replies":[{"embeddable":true,"href":"https:\/\/ierrop.shop\/index.php\/wp-json\/wp\/v2\/comments?post=801"}],"wp:featuredmedia":[{"embeddable":true,"href":"https:\/\/ierrop.shop\/index.php\/wp-json\/wp\/v2\/media\/1448"}],"wp:attachment":[{"href":"https:\/\/ierrop.shop\/index.php\/wp-json\/wp\/v2\/media?parent=801"}],"wp:term":[{"taxonomy":"product_brand","embeddable":true,"href":"https:\/\/ierrop.shop\/index.php\/wp-json\/wp\/v2\/product_brand?post=801"},{"taxonomy":"product_cat","embeddable":true,"href":"https:\/\/ierrop.shop\/index.php\/wp-json\/wp\/v2\/product_cat?post=801"},{"taxonomy":"product_tag","embeddable":true,"href":"https:\/\/ierrop.shop\/index.php\/wp-json\/wp\/v2\/product_tag?post=801"}],"curies":[{"name":"wp","href":"https:\/\/api.w.org\/{rel}","templated":true}]}}